{"id":163,"date":"2021-05-27T10:57:14","date_gmt":"2021-05-27T10:57:14","guid":{"rendered":"http:\/\/german-american-exchange.com\/?page_id=163"},"modified":"2023-09-25T09:31:09","modified_gmt":"2023-09-25T09:31:09","slug":"start-start-ev-de","status":"publish","type":"page","link":"https:\/\/german-american-exchange.com\/de\/","title":{"rendered":"Willkommen bei German American Exchange"},"content":{"rendered":"<p>[vc_row full_height=&#8220;yes&#8220; row_align=&#8220;align_middle&#8220; row_type=&#8220;full_width&#8220; type=&#8220;full_screen&#8220; bg_select=&#8220;bg_parallax&#8220; parallax_speed=&#8220;6&#8243; parallax_repeat=&#8220;cover&#8220; bg_image_postions=&#8220;center center&#8220; bg_image_attach=&#8220;scroll&#8220; parallax_img=&#8220;9&#8243; parallax_overlay=&#8220;rgba(0,0,0,0.4)&#8220; font_color=&#8220;#ffffff&#8220; anchor=&#8220;gae&#8220;][vc_column content_align=&#8220;text-center&#8220; font_color=&#8220;#ffffff&#8220;]<div class=\"wbc-heading clearfix\"><h1 class=\"default-heading xs-responsive-text-25 sm-responsive-text-40\" style=\"color:#ffffff;text-align:center;margin-bottom:45px;\">German American Exchange<\/h1><\/div><div class=\"wbc-heading clearfix\"><h3 class=\"default-heading xs-responsive-text-25 sm-responsive-text-40\" style=\"color:#ffffff;text-align:center;margin-bottom:45px;\"><\/h3><\/div>[\/vc_column][\/vc_row][vc_row font_color=&#8220;#999999&#8243; bg_color=&#8220;#222222&#8243; p_left=&#8220;10px&#8220; p_right=&#8220;10px&#8220;][vc_column content_align=&#8220;text-center&#8220;][vc_row_inner css=&#8220;.vc_custom_1622113964200{margin-top: 50px !important;}&#8220;][vc_column_inner width=&#8220;1\/2&#8243;][vc_column_text]<\/p>\n<p style=\"text-align: justify;\">German American Exchange will zuk\u00fcnftig deutschen Studierenden und jungen Berufst\u00e4tigen erm\u00f6glichen, Business und Arbeitsweise amerikanischer Unternehmen in den USA kennenzulernen. Ziel ist es, dass die Teilnehmer\/-innen die wachsende Bedeutung der US-europ\u00e4ischen Wirtschaftsbeziehungen erkennen und verstehen, gegenseitiges Vertrauen gest\u00e4rkt und mentale H\u00fcrden und Vorurteile abgebaut werden.<\/p>\n<p>[\/vc_column_text][vc_column_text]<\/p>\n<p style=\"text-align: left;\">Angebote f\u00fcr Studierende und junge Berufst\u00e4tige aus<br \/>\nDeutschland\u00a0 &#8211; <strong>pending as of Fall 2023<\/strong><\/p>\n<p style=\"text-align: left;\"><a href=\"https:\/\/german-american-exchange.com\/wp-content\/uploads\/2021\/07\/info2.zip\">Opportunities for companies in the U.S. looking for interns from Germany<\/a><\/p>\n<p>[\/vc_column_text][\/vc_column_inner][vc_column_inner width=&#8220;1\/2&#8243;][vc_column_text css=&#8220;.vc_custom_1628517234332{margin-bottom: 69px !important;}&#8220;]<\/p>\n<p style=\"text-align: justify;\">German American Exchange enables American students to complete an internship and to spend time in Germany during the career-planning phase of their early lives.<\/p>\n<p style=\"text-align: justify;\">Especially for young Americans, it is important to get an insight and a clearer understanding of Germany\u00b4s economic and business role within the European Union.<\/p>\n<p>[\/vc_column_text][vc_column_text]<\/p>\n<p style=\"text-align: left;\"><a href=\"https:\/\/german-american-exchange.com\/wp-content\/uploads\/student-package-2021-en.zip\">Opportunities for Students from the U.S.<\/a><\/p>\n<p style=\"text-align: left;\"><a href=\"https:\/\/german-american-exchange.com\/wp-content\/uploads\/2021\/07\/info4.zip\">Angebote f\u00fcr Firmen in Deutschland auf der Suche nach Praktikanten aus USA<\/a><\/p>\n<p>[\/vc_column_text][\/vc_column_inner][\/vc_row_inner][vc_row_inner css=&#8220;.vc_custom_1622113724616{background-color: #222222 !important;}&#8220;][vc_column_inner width=&#8220;1\/2&#8243;][vc_empty_space][\/vc_column_inner][vc_column_inner width=&#8220;1\/2&#8243;][\/vc_column_inner][\/vc_row_inner][\/vc_column][\/vc_row]<\/p>\n","protected":false},"excerpt":{"rendered":"<p>[vc_row full_height=&#8220;yes&#8220; row_align=&#8220;align_middle&#8220; row_type=&#8220;full_width&#8220; type=&#8220;full_screen&#8220; bg_select=&#8220;bg_parallax&#8220; parallax_speed=&#8220;6&#8243; parallax_repeat=&#8220;cover&#8220; bg_image_postions=&#8220;center center&#8220; bg_image_attach=&#8220;scroll&#8220; parallax_img=&#8220;9&#8243; parallax_overlay=&#8220;rgba(0,0,0,0.4)&#8220; font_color=&#8220;#ffffff&#8220; anchor=&#8220;gae&#8220;][vc_column content_align=&#8220;text-center&#8220; font_color=&#8220;#ffffff&#8220;][\/vc_column][\/vc_row][vc_row font_color=&#8220;#999999&#8243; bg_color=&#8220;#222222&#8243; p_left=&#8220;10px&#8220; p_right=&#8220;10px&#8220;][vc_column content_align=&#8220;text-center&#8220;][vc_row_inner css=&#8220;.vc_custom_1622113964200{margin-top: 50px !important;}&#8220;][vc_column_inner width=&#8220;1\/2&#8243;][vc_column_text] German American Exchange will zuk\u00fcnftig deutschen Studierenden und jungen Berufst\u00e4tigen erm\u00f6glichen, Business und Arbeitsweise amerikanischer Unternehmen in den USA kennenzulernen. Ziel ist es, dass die Teilnehmer\/-innen die wachsende Bedeutung [&hellip;]<\/p>\n","protected":false},"author":1,"featured_media":0,"parent":0,"menu_order":0,"comment_status":"closed","ping_status":"closed","template":"","meta":{"footnotes":""},"class_list":["post-163","page","type-page","status-publish","hentry"],"_links":{"self":[{"href":"https:\/\/german-american-exchange.com\/de\/wp-json\/wp\/v2\/pages\/163","targetHints":{"allow":["GET"]}}],"collection":[{"href":"https:\/\/german-american-exchange.com\/de\/wp-json\/wp\/v2\/pages"}],"about":[{"href":"https:\/\/german-american-exchange.com\/de\/wp-json\/wp\/v2\/types\/page"}],"author":[{"embeddable":true,"href":"https:\/\/german-american-exchange.com\/de\/wp-json\/wp\/v2\/users\/1"}],"replies":[{"embeddable":true,"href":"https:\/\/german-american-exchange.com\/de\/wp-json\/wp\/v2\/comments?post=163"}],"version-history":[{"count":34,"href":"https:\/\/german-american-exchange.com\/de\/wp-json\/wp\/v2\/pages\/163\/revisions"}],"predecessor-version":[{"id":909,"href":"https:\/\/german-american-exchange.com\/de\/wp-json\/wp\/v2\/pages\/163\/revisions\/909"}],"wp:attachment":[{"href":"https:\/\/german-american-exchange.com\/de\/wp-json\/wp\/v2\/media?parent=163"}],"curies":[{"name":"wp","href":"https:\/\/api.w.org\/{rel}","templated":true}]}}