{"id":199,"date":"2021-05-28T12:15:11","date_gmt":"2021-05-28T12:15:11","guid":{"rendered":"http:\/\/german-american-exchange.com\/?page_id=199"},"modified":"2021-06-24T16:45:06","modified_gmt":"2021-06-24T16:45:06","slug":"satzung","status":"publish","type":"page","link":"https:\/\/german-american-exchange.com\/de\/satzung\/","title":{"rendered":"Satzung"},"content":{"rendered":"<p>[vc_row full_height=&#8220;yes&#8220; row_align=&#8220;align_middle&#8220; row_type=&#8220;full_width&#8220; type=&#8220;full_screen&#8220; bg_select=&#8220;bg_parallax&#8220; parallax_speed=&#8220;6&#8243; parallax_repeat=&#8220;cover&#8220; bg_image_postions=&#8220;center center&#8220; bg_image_attach=&#8220;scroll&#8220; font_color=&#8220;#222222&#8243; anchor=&#8220;gae&#8220;][vc_column content_align=&#8220;text-center&#8220; font_color=&#8220;#ffffff&#8220;]<div class=\"wbc-heading clearfix\"><h1 class=\"default-heading xs-responsive-text-25 sm-responsive-text-40\" style=\"color:#222222;text-align:center;margin-bottom:45px;\">MISSION STATEMENT<\/h1><\/div>[vc_column_text]<\/p>\n<p style=\"text-align: left; color: #222222;\">Mithilfe des gemeinn\u00fctzigen Vereins \u201eGerman American Exchange e.V.\u201c sollen deutsche Studenten und junge Berufst\u00e4tige bis max. 35 Jahre die M\u00f6glichkeit erhalten, das Business und die Arbeitsweise in amerikanischen Unternehmen in den USA kennenzulernen. Damit sollen sie aus deutscher Perspektive die wachsende Bedeutung der US-europ\u00e4ischen Wirtschaftsbeziehungen erkennen und verstehen lernen. Gleichzeitig wird damit beabsichtigt, das gegenseitige Vertrauen zu st\u00e4rken und mentale H\u00fcrden sowie Vorurteile abzubauen.<br \/>\nMit dem Austauschprogramm wird erreicht, dass junge Deutsche entweder als Studenten oder aber als bereits junge Berufst\u00e4tige einen fr\u00fchen Einblick in die unterschiedliche Denk- und Arbeitsweise in den USA erhalten. Dies dient dem transatlantischen Verst\u00e4ndnis wie dem pers\u00f6nlichen Weiterkommen.<br \/>\nWir schaffen mit dem Verein eine weitere Plattform, um Unternehmen und Universit\u00e4ten mit einem Hilfsmittel in die Lage zu versetzen, der jungen deutschen Generation, die nicht mehr durch die Nachkriegszeit w\u00e4hrend des Kalten Krieges gepr\u00e4gt ist, Verantwortung zu geben, selbst transatlantisch zu lernen, sich umzuschauen, Freundschaften zu schlie\u00dfen und im weiteren Leben mit dieser wertvollen Erfahrung zu handeln. Wir haben gerade in unseren Tagen gesehen, dass das gr\u00f6\u00dfte Defizit einer offenen Gesellschaft h\u00e4ufig darin liegt, dass \u00fcber andere Kulturen und V\u00f6lker wertend und teilweise abwertend gesprochen wird, ohne selbst einen verl\u00e4sslichen Einblick, sozusagen vor Ort oder im Gespr\u00e4ch mit den Menschen, genommen zu haben.<br \/>\nDieser Mehrwert des Austausches ist verbunden mit einem fr\u00fchzeitigen Dialog mit Amerikanern vor Ort, sowie dem Einblick in die Sprache und Kultur der USA. Kultur zu verstehen (never compare, only understand) und Sprache zu lernen ist im Endeffekt nur mit einem l\u00e4ngeren Auslandsaufenthalt und dem t\u00e4glichen Dialog mit Menschen im Gastland m\u00f6glich. Nur so k\u00f6nnen etwaige Vorurteile bek\u00e4mpft werden.<\/p>\n<p style=\"text-align: left; color: #222222;\">Die Praktikanten k\u00f6nnen nach der R\u00fcckkehr zum Studium und in die Arbeitswelt alles, was sie selbst beobachtet und gelernt haben, nach ihrer Entscheidung verl\u00e4sslicher einbringen und die deutsch-amerikanischen Beziehungen st\u00e4rken. Ihre Pers\u00f6nlichkeitsentwicklung wird davon nur profitieren, sowie auch die Firmenpraxis und angewandten Methoden im transatlantischen Gesch\u00e4ftsgebaren verbessern und teilweise grundlegend ver\u00e4ndern.<\/p>\n<p style=\"text-align: left; color: #222222;\">Diese so elementare transatlantische deutsch-amerikanische Beziehung muss erneuert werden, was die Aufgabe der jungen Generation ist.<\/p>\n<p>[\/vc_column_text][vc_column_text]<a href=\"http:\/\/german-american-exchange.com\/wp-content\/uploads\/2021\/05\/satzung.pdf\">SATZUNG ALS PDF ZUM DOWNLOAD<\/a>[\/vc_column_text][\/vc_column][\/vc_row]<\/p>\n","protected":false},"excerpt":{"rendered":"<p>[vc_row full_height=&#8220;yes&#8220; row_align=&#8220;align_middle&#8220; row_type=&#8220;full_width&#8220; type=&#8220;full_screen&#8220; bg_select=&#8220;bg_parallax&#8220; parallax_speed=&#8220;6&#8243; parallax_repeat=&#8220;cover&#8220; bg_image_postions=&#8220;center center&#8220; bg_image_attach=&#8220;scroll&#8220; font_color=&#8220;#222222&#8243; anchor=&#8220;gae&#8220;][vc_column content_align=&#8220;text-center&#8220; font_color=&#8220;#ffffff&#8220;][vc_column_text] Mithilfe des gemeinn\u00fctzigen Vereins \u201eGerman American Exchange e.V.\u201c sollen deutsche Studenten und junge Berufst\u00e4tige bis max. 35 Jahre die M\u00f6glichkeit erhalten, das Business und die Arbeitsweise in amerikanischen Unternehmen in den USA kennenzulernen. Damit sollen sie aus deutscher Perspektive die [&hellip;]<\/p>\n","protected":false},"author":1,"featured_media":0,"parent":0,"menu_order":0,"comment_status":"closed","ping_status":"closed","template":"","meta":{"footnotes":""},"class_list":["post-199","page","type-page","status-publish","hentry"],"_links":{"self":[{"href":"https:\/\/german-american-exchange.com\/de\/wp-json\/wp\/v2\/pages\/199","targetHints":{"allow":["GET"]}}],"collection":[{"href":"https:\/\/german-american-exchange.com\/de\/wp-json\/wp\/v2\/pages"}],"about":[{"href":"https:\/\/german-american-exchange.com\/de\/wp-json\/wp\/v2\/types\/page"}],"author":[{"embeddable":true,"href":"https:\/\/german-american-exchange.com\/de\/wp-json\/wp\/v2\/users\/1"}],"replies":[{"embeddable":true,"href":"https:\/\/german-american-exchange.com\/de\/wp-json\/wp\/v2\/comments?post=199"}],"version-history":[{"count":6,"href":"https:\/\/german-american-exchange.com\/de\/wp-json\/wp\/v2\/pages\/199\/revisions"}],"predecessor-version":[{"id":206,"href":"https:\/\/german-american-exchange.com\/de\/wp-json\/wp\/v2\/pages\/199\/revisions\/206"}],"wp:attachment":[{"href":"https:\/\/german-american-exchange.com\/de\/wp-json\/wp\/v2\/media?parent=199"}],"curies":[{"name":"wp","href":"https:\/\/api.w.org\/{rel}","templated":true}]}}